{"id":5,"date":"2018-10-17T17:49:09","date_gmt":"2018-10-17T15:49:09","guid":{"rendered":"http:\/\/localhost:8888\/?page_id=5"},"modified":"2020-06-11T06:15:26","modified_gmt":"2020-06-11T06:15:26","slug":"ju-jutsu","status":"publish","type":"page","link":"https:\/\/jjsc-wallersdorf.de\/?page_id=5","title":{"rendered":"Ju-Jutsu"},"content":{"rendered":"<p><span style=\"font-size: 12pt;\"><strong><span style=\"text-decoration: underline;\">Trainingszeiten:<br \/>\n<\/span><\/strong><\/span><span style=\"font-size: 10pt;\">Dienstag : 19-21:00 Uhr<\/span><br \/>\n<span style=\"font-size: 10pt;\">Donnerstag : 18-20:00 Uhr<\/span><br \/>\n<span style=\"font-size: 10pt;\">Samstag-:9-10:30 Kindertraining ab 6 Jahren<\/span><br \/>\n<span style=\"font-size: 10pt;\">Samstag-:10:30-12:00 Uhr Jugendlich und Erwachsenen<br \/>\nin der Schulturnhalle, Osenstra\u00dfe 16<br \/>\n<\/span><\/p>\n<p><span style=\"text-decoration: underline; font-size: 12pt;\"><strong>Was ist Ju-Jutsu<\/strong><\/span><br \/>\n<span style=\"font-size: 10pt;\">Ju-Jutsu ist eine moderne Selbstverteidigung und Zweikampfsport, der Elemente unterschiedlicher Zweikampfsport und Selbstverteidigungssysteme vereint bzw. weiterentwickelt hat. Ju-Jutsu ist ein sich st\u00e4ndig anpassendes System, das sich den aktuellen Gegebenheiten der Gewaltpr\u00e4vention, Selbstverteidigung und des Zweikampfes \u00f6ffnet und diese annimmt.<\/span><\/p>\n","protected":false},"excerpt":{"rendered":"<p>Trainingszeiten: Dienstag : 19-21:00 Uhr Donnerstag : 18-20:00 Uhr Samstag-:9-10:30 Kindertraining ab 6 Jahren Samstag-:10:30-12:00 Uhr Jugendlich und Erwachsenen in der Schulturnhalle, Osenstra\u00dfe 16 Was ist Ju-Jutsu Ju-Jutsu ist eine moderne Selbstverteidigung und Zweikampfsport, der Elemente unterschiedlicher Zweikampfsport und Selbstverteidigungssysteme vereint bzw. weiterentwickelt hat. Ju-Jutsu ist ein sich st\u00e4ndig anpassendes System, das sich den aktuellen &hellip; <a href=\"https:\/\/jjsc-wallersdorf.de\/?page_id=5\" class=\"more-link\"><span class=\"screen-reader-text\">Ju-Jutsu<\/span> weiterlesen<\/a><\/p>\n","protected":false},"author":1,"featured_media":0,"parent":0,"menu_order":0,"comment_status":"closed","ping_status":"closed","template":"","meta":{"footnotes":""},"class_list":["post-5","page","type-page","status-publish","hentry"],"_links":{"self":[{"href":"https:\/\/jjsc-wallersdorf.de\/index.php?rest_route=\/wp\/v2\/pages\/5","targetHints":{"allow":["GET"]}}],"collection":[{"href":"https:\/\/jjsc-wallersdorf.de\/index.php?rest_route=\/wp\/v2\/pages"}],"about":[{"href":"https:\/\/jjsc-wallersdorf.de\/index.php?rest_route=\/wp\/v2\/types\/page"}],"author":[{"embeddable":true,"href":"https:\/\/jjsc-wallersdorf.de\/index.php?rest_route=\/wp\/v2\/users\/1"}],"replies":[{"embeddable":true,"href":"https:\/\/jjsc-wallersdorf.de\/index.php?rest_route=%2Fwp%2Fv2%2Fcomments&post=5"}],"version-history":[{"count":13,"href":"https:\/\/jjsc-wallersdorf.de\/index.php?rest_route=\/wp\/v2\/pages\/5\/revisions"}],"predecessor-version":[{"id":1963,"href":"https:\/\/jjsc-wallersdorf.de\/index.php?rest_route=\/wp\/v2\/pages\/5\/revisions\/1963"}],"wp:attachment":[{"href":"https:\/\/jjsc-wallersdorf.de\/index.php?rest_route=%2Fwp%2Fv2%2Fmedia&parent=5"}],"curies":[{"name":"wp","href":"https:\/\/api.w.org\/{rel}","templated":true}]}}