{"id":98,"date":"2018-10-20T15:51:58","date_gmt":"2018-10-20T15:51:58","guid":{"rendered":"http:\/\/jjsc-wallersdorf.de\/?page_id=98"},"modified":"2018-11-16T18:51:30","modified_gmt":"2018-11-16T18:51:30","slug":"impressum","status":"publish","type":"page","link":"https:\/\/jjsc-wallersdorf.de\/?page_id=98","title":{"rendered":"Impressum"},"content":{"rendered":"<p>Alle hier verwendeten Namen, Begriffe, und Grafiken k\u00f6nnen Marken- oder Warenzeichen im Besitze ihrer rechtlichen Eigent\u00fcmer sein. Die Rechte aller erw\u00e4hnten und benutzten Marken- und Warenzeichen liegen ausschlie\u00dflich bei deren Besitzern.<\/p>\n<table border=\"0\">\n<tbody>\n<tr>\n<td colspan=\"2\">\n<h2><strong>Vereinsinformationen<\/strong><\/h2>\n<\/td>\n<\/tr>\n<tr>\n<td><strong>Ju Jutsu und Sportclub Wallersdorf e.V.<\/strong><br \/>\nAuf der \u00d6d 12<br \/>\n94522 Wallersdorf<br \/>\nDeutschland<\/td>\n<td> <a href=\"tel:+49 9933 8507\">09933 85 07<\/a><br \/>\n <a href=\"https:\/\/jjsc-wallersdorf.de\/\">jjsc-wallersdorf.de<\/a><br \/>\n\u2709\ufe0f <a href=\"mailto:webmaster@jjsc-wallersdorf.de\">webmaster@jjsc-wallersdorf.de<\/a><\/td>\n<\/tr>\n<\/tbody>\n<\/table>\n<h2><strong>Rechtliche Angaben<\/strong><\/h2>\n<p>Vertretungsberechtigt: Lothar Lehermeier<br \/>\nRegistergericht: Amtsgericht Landshut<br \/>\nRegisternummer: VRNr. 200361<br \/>\nInhaltlich Verantwortlicher gem\u00e4\u00df TMG:<br \/>\nLothar Lehermeier<br \/>\n<a>lothar.lehermeier@jjsc-wallersdorf.de<\/a><\/p>\n<p>&nbsp;<\/p>\n<h2>Weitere Informationen<\/h2>\n<p>Allgemeine Nutzungsbedingungen anzeigen<\/p>\n<p>Datenschutzerkl\u00e4rung<\/p>\n","protected":false},"excerpt":{"rendered":"<p>Alle hier verwendeten Namen, Begriffe, und Grafiken k\u00f6nnen Marken- oder Warenzeichen im Besitze ihrer rechtlichen Eigent\u00fcmer sein. Die Rechte aller erw\u00e4hnten und benutzten Marken- und Warenzeichen liegen ausschlie\u00dflich bei deren Besitzern. Vereinsinformationen Ju Jutsu und Sportclub Wallersdorf e.V. Auf der \u00d6d 12 94522 Wallersdorf Deutschland 09933 85 07 jjsc-wallersdorf.de \u2709\ufe0f webmaster@jjsc-wallersdorf.de Rechtliche Angaben Vertretungsberechtigt: Lothar &hellip; <a href=\"https:\/\/jjsc-wallersdorf.de\/?page_id=98\" class=\"more-link\"><span class=\"screen-reader-text\">Impressum<\/span> weiterlesen<\/a><\/p>\n","protected":false},"author":1,"featured_media":0,"parent":0,"menu_order":0,"comment_status":"closed","ping_status":"closed","template":"","meta":{"footnotes":""},"class_list":["post-98","page","type-page","status-publish","hentry"],"_links":{"self":[{"href":"https:\/\/jjsc-wallersdorf.de\/index.php?rest_route=\/wp\/v2\/pages\/98","targetHints":{"allow":["GET"]}}],"collection":[{"href":"https:\/\/jjsc-wallersdorf.de\/index.php?rest_route=\/wp\/v2\/pages"}],"about":[{"href":"https:\/\/jjsc-wallersdorf.de\/index.php?rest_route=\/wp\/v2\/types\/page"}],"author":[{"embeddable":true,"href":"https:\/\/jjsc-wallersdorf.de\/index.php?rest_route=\/wp\/v2\/users\/1"}],"replies":[{"embeddable":true,"href":"https:\/\/jjsc-wallersdorf.de\/index.php?rest_route=%2Fwp%2Fv2%2Fcomments&post=98"}],"version-history":[{"count":10,"href":"https:\/\/jjsc-wallersdorf.de\/index.php?rest_route=\/wp\/v2\/pages\/98\/revisions"}],"predecessor-version":[{"id":329,"href":"https:\/\/jjsc-wallersdorf.de\/index.php?rest_route=\/wp\/v2\/pages\/98\/revisions\/329"}],"wp:attachment":[{"href":"https:\/\/jjsc-wallersdorf.de\/index.php?rest_route=%2Fwp%2Fv2%2Fmedia&parent=98"}],"curies":[{"name":"wp","href":"https:\/\/api.w.org\/{rel}","templated":true}]}}